{"id":4307,"date":"2021-02-04T13:48:44","date_gmt":"2021-02-04T16:48:44","guid":{"rendered":"https:\/\/cinerama.qodeinteractive.com\/elementor\/?page_id=4307"},"modified":"2025-10-16T09:54:41","modified_gmt":"2025-10-16T12:54:41","slug":"nosotros","status":"publish","type":"page","link":"https:\/\/pampafilms.com.ar\/en\/nosotros\/","title":{"rendered":"ABOUT US"},"content":{"rendered":"<div data-elementor-type=\"wp-page\" data-elementor-id=\"4307\" class=\"elementor elementor-4307\" data-elementor-post-type=\"page\">\n\t\t\t\t\t\t<section class=\"elementor-section elementor-top-section elementor-element elementor-element-f64062f elementor-section-full_width elementor-hidden-tablet elementor-hidden-mobile elementor-section-height-default elementor-section-height-default edgtf-parallax-row-no edgtf-content-aligment-left edgtf-elementor-row-grid-no edgtf-disabled-bg-image-bellow-no\" data-id=\"f64062f\" data-element_type=\"section\" data-e-type=\"section\" data-settings=\"{&quot;background_background&quot;:&quot;classic&quot;}\">\n\t\t\t\t\t\t<div class=\"elementor-container elementor-column-gap-default\">\n\t\t\t\t\t<div class=\"elementor-column elementor-col-100 elementor-top-column elementor-element elementor-element-8ad765e\" data-id=\"8ad765e\" data-element_type=\"column\" data-e-type=\"column\">\n\t\t\t<div class=\"elementor-widget-wrap elementor-element-populated\">\n\t\t\t\t\t\t<section class=\"elementor-section elementor-inner-section elementor-element elementor-element-48f4421 elementor-section-boxed elementor-section-height-default elementor-section-height-default edgtf-parallax-row-no edgtf-content-aligment-left edgtf-elementor-row-grid-no edgtf-disabled-bg-image-bellow-no\" data-id=\"48f4421\" data-element_type=\"section\" data-e-type=\"section\">\n\t\t\t\t\t\t<div class=\"elementor-container elementor-column-gap-default\">\n\t\t\t\t\t<div class=\"elementor-column elementor-col-100 elementor-inner-column elementor-element elementor-element-2705a7b\" data-id=\"2705a7b\" data-element_type=\"column\" data-e-type=\"column\">\n\t\t\t<div class=\"elementor-widget-wrap elementor-element-populated\">\n\t\t\t\t\t\t<div class=\"elementor-element elementor-element-288cf4a elementor-widget elementor-widget-heading\" data-id=\"288cf4a\" data-element_type=\"widget\" data-e-type=\"widget\" data-widget_type=\"heading.default\">\n\t\t\t\t<div class=\"elementor-widget-container\">\n\t\t\t\t\t<h1 class=\"elementor-heading-title elementor-size-default\">The quality of our projects is the result of our dedication, commitment and passion for the art of telling stories through the screen.\u00a0<\/h1>\t\t\t\t<\/div>\n\t\t\t\t<\/div>\n\t\t\t\t<div class=\"elementor-element elementor-element-2ae1c7d elementor-widget elementor-widget-spacer\" data-id=\"2ae1c7d\" data-element_type=\"widget\" data-e-type=\"widget\" data-widget_type=\"spacer.default\">\n\t\t\t\t<div class=\"elementor-widget-container\">\n\t\t\t\t\t\t\t<div class=\"elementor-spacer\">\n\t\t\t<div class=\"elementor-spacer-inner\"><\/div>\n\t\t<\/div>\n\t\t\t\t\t\t<\/div>\n\t\t\t\t<\/div>\n\t\t\t\t<div class=\"elementor-element elementor-element-26643dd elementor-widget elementor-widget-text-editor\" data-id=\"26643dd\" data-element_type=\"widget\" data-e-type=\"widget\" data-widget_type=\"text-editor.default\">\n\t\t\t\t<div class=\"elementor-widget-container\">\n\t\t\t\t\t\t\t\t\t<p><span style=\"font-weight: 400;\">PAMPA FILMS is an entertainment production company that pursues to leave a mark on the audiovisual world. Located in Buenos Aires, Argentina, it has expanded its presence on an international level operating in Uruguay, Mexico and Spain.<\/span><\/p><p><span style=\"font-weight: 400;\">Contamos con una s\u00f3lida estructura de profesionales que potencia el reconocido caudal creativo y la alta competitividad de la industria audiovisual. Nos distinguimos por la calidad de nuestros proyectos y la capacidad de generar contenido tanto de alcance nacional como internacional.\u00a0 Nuestra visi\u00f3n es convertirnos en una de las productoras l\u00edderes de Iberoam\u00e9rica, impulsando el arte y la creatividad de nuestra regi\u00f3n.<\/span><\/p>\t\t\t\t\t\t\t\t<\/div>\n\t\t\t\t<\/div>\n\t\t\t\t\t<\/div>\n\t\t<\/div>\n\t\t\t\t\t<\/div>\n\t\t<\/section>\n\t\t\t\t\t<\/div>\n\t\t<\/div>\n\t\t\t\t\t<\/div>\n\t\t<\/section>\n\t\t\t\t<section class=\"elementor-section elementor-top-section elementor-element elementor-element-cd49fd6 elementor-section-full_width elementor-hidden-desktop elementor-section-height-default elementor-section-height-default edgtf-parallax-row-no edgtf-content-aligment-left edgtf-elementor-row-grid-no edgtf-disabled-bg-image-bellow-no\" data-id=\"cd49fd6\" data-element_type=\"section\" data-e-type=\"section\" data-settings=\"{&quot;background_background&quot;:&quot;classic&quot;}\">\n\t\t\t\t\t\t<div class=\"elementor-container elementor-column-gap-default\">\n\t\t\t\t\t<div class=\"elementor-column elementor-col-100 elementor-top-column elementor-element elementor-element-ca2c535\" data-id=\"ca2c535\" data-element_type=\"column\" data-e-type=\"column\">\n\t\t\t<div class=\"elementor-widget-wrap elementor-element-populated\">\n\t\t\t\t\t\t<section class=\"elementor-section elementor-inner-section elementor-element elementor-element-03d1fe0 elementor-section-boxed elementor-section-height-default elementor-section-height-default edgtf-parallax-row-no edgtf-content-aligment-left edgtf-elementor-row-grid-no edgtf-disabled-bg-image-bellow-no\" data-id=\"03d1fe0\" data-element_type=\"section\" data-e-type=\"section\">\n\t\t\t\t\t\t<div class=\"elementor-container elementor-column-gap-default\">\n\t\t\t\t\t<div class=\"elementor-column elementor-col-100 elementor-inner-column elementor-element elementor-element-7c413d6\" data-id=\"7c413d6\" data-element_type=\"column\" data-e-type=\"column\">\n\t\t\t<div class=\"elementor-widget-wrap elementor-element-populated\">\n\t\t\t\t\t\t<div class=\"elementor-element elementor-element-e7d6513 elementor-widget elementor-widget-heading\" data-id=\"e7d6513\" data-element_type=\"widget\" data-e-type=\"widget\" data-widget_type=\"heading.default\">\n\t\t\t\t<div class=\"elementor-widget-container\">\n\t\t\t\t\t<h2 class=\"elementor-heading-title elementor-size-default\">The quality of our projects is the result of our dedication, commitment and passion for the art of telling stories through the screen.\u00a0<\/h2>\t\t\t\t<\/div>\n\t\t\t\t<\/div>\n\t\t\t\t<div class=\"elementor-element elementor-element-cfe4d8a elementor-widget elementor-widget-spacer\" data-id=\"cfe4d8a\" data-element_type=\"widget\" data-e-type=\"widget\" data-widget_type=\"spacer.default\">\n\t\t\t\t<div class=\"elementor-widget-container\">\n\t\t\t\t\t\t\t<div class=\"elementor-spacer\">\n\t\t\t<div class=\"elementor-spacer-inner\"><\/div>\n\t\t<\/div>\n\t\t\t\t\t\t<\/div>\n\t\t\t\t<\/div>\n\t\t\t\t<div class=\"elementor-element elementor-element-6238be9 elementor-widget elementor-widget-text-editor\" data-id=\"6238be9\" data-element_type=\"widget\" data-e-type=\"widget\" data-widget_type=\"text-editor.default\">\n\t\t\t\t<div class=\"elementor-widget-container\">\n\t\t\t\t\t\t\t\t\t<p><span style=\"font-weight: 400;\">PAMPA FILMS is an entertainment production company that pursues to leave a mark on the audiovisual world. Located in Buenos Aires, Argentina, it has expanded its presence on an international level operating in Uruguay, Mexico and Spain.<\/span><\/p><p><span style=\"font-weight: 400;\">Contamos con una s\u00f3lida estructura de profesionales que potencia el reconocido caudal creativo y la alta competitividad de la industria audiovisual. Nos distinguimos por la calidad de nuestros proyectos y la capacidad de generar contenido tanto de alcance nacional como internacional.\u00a0 Nuestra visi\u00f3n es convertirnos en una de las productoras l\u00edderes de Iberoam\u00e9rica, impulsando el arte y la creatividad de nuestra regi\u00f3n.<\/span><\/p>\t\t\t\t\t\t\t\t<\/div>\n\t\t\t\t<\/div>\n\t\t\t\t\t<\/div>\n\t\t<\/div>\n\t\t\t\t\t<\/div>\n\t\t<\/section>\n\t\t\t\t\t<\/div>\n\t\t<\/div>\n\t\t\t\t\t<\/div>\n\t\t<\/section>\n\t\t\t\t<section class=\"elementor-section elementor-top-section elementor-element elementor-element-5c97b51 elementor-hidden-tablet elementor-hidden-mobile elementor-section-boxed elementor-section-height-default elementor-section-height-default edgtf-parallax-row-no edgtf-content-aligment-left edgtf-elementor-row-grid-no edgtf-disabled-bg-image-bellow-no\" data-id=\"5c97b51\" data-element_type=\"section\" data-e-type=\"section\">\n\t\t\t\t\t\t<div class=\"elementor-container elementor-column-gap-default\">\n\t\t\t\t\t<div class=\"elementor-column elementor-col-100 elementor-top-column elementor-element elementor-element-742863a\" data-id=\"742863a\" data-element_type=\"column\" data-e-type=\"column\">\n\t\t\t<div class=\"elementor-widget-wrap elementor-element-populated\">\n\t\t\t\t\t\t<div class=\"elementor-element elementor-element-1dec44a elementor-widget elementor-widget-text-editor\" data-id=\"1dec44a\" data-element_type=\"widget\" data-e-type=\"widget\" data-widget_type=\"text-editor.default\">\n\t\t\t\t<div class=\"elementor-widget-container\">\n\t\t\t\t\t\t\t\t\t<p><span style=\"font-weight: 400;\">Desde su fundaci\u00f3n en el a\u00f1o 2006 por los reconocidos productores cinematogr\u00e1ficos argentinos Pablo Bossi (responsable de \u00e9xitos como \u201cNueve Reinas\u201d y \u201cEl hijo de la novia\u201d) y Juan Pablo Buscarini, Pampa Films se ha dedicado a producir proyectos de alta calidad para la pantalla grande. La productora ha participado en importantes producciones cinematogr\u00e1ficas argentinas, como la aclamada pel\u00edcula \u201cUn cuento chino\u201d (2011), ganadora del Premio Goya a la Mejor Pel\u00edcula Iberoamericana, y las exitosas pel\u00edculas \u201cEl inventor de juegos\u201d (2014) y \u201cEl cuaderno de Tomy\u201d, una pel\u00edcula original de Netflix.<\/span><\/p><p><span style=\"font-weight: 400;\">En 2018, la productora, liderada desde entonces por los hermanos Pol y Agust\u00edn Bossi, junto a Maxi Lasansky, decidi\u00f3 expandir sus horizontes y adentrarse en el mundo de la producci\u00f3n de series de televisi\u00f3n. Para ello, se asoci\u00f3 con Disney Media Distribution para producir la serie \u201cMonz\u00f3n\u201d de la mano de Turner y Netflix, logrando una gran repercusi\u00f3n en el p\u00fablico y siendo nominada a los prestigiosos premios Platino, Gardel y Mart\u00edn Fierro como Mejor Serie, y ganando el premio Produ como Mejor Serie.<\/span><\/p><p><span style=\"font-weight: 400;\">Desde entonces, Pampa Films se ha consolidado como una importante productora de cine y televisi\u00f3n en Argentina, trabajando en proyectos de alta calidad y contando con un equipo de profesionales altamente capacitados y comprometidos con la excelencia en cada producci\u00f3n. Con la mirada puesta en el futuro, la productora se encuentra actualmente expandiendo su operaci\u00f3n en Uruguay, Colombia, M\u00e9xico y Espa\u00f1a, produciendo largometrajes o series para plataformas como Netflix, Disney+, Movistar Plus, Amazon y Max, entre otros.<\/span><span style=\"font-weight: 400;\"><br \/><\/span><span style=\"font-weight: 400;\"><br \/><\/span><span style=\"font-weight: 400;\">En los \u00faltimos a\u00f1os, Pampa Films ha reafirmado su liderazgo en la industria con producciones de gran impacto. \u201cHomo Argentum\u201d fue la pel\u00edcula m\u00e1s taquillera en Argentina en 2025, convirti\u00e9ndose en la pel\u00edcula argentina m\u00e1s vista en la era post-pandemia hasta la fecha. \u201cMuchachos, la pel\u00edcula de la gente<\/span><i><span style=\"font-weight: 400;\">\u201d<\/span><\/i><span style=\"font-weight: 400;\"> se convirti\u00f3 en la pel\u00edcula argentina m\u00e1s vista de 2023, consolid\u00e1ndose como un fen\u00f3meno cultural. En el \u00e1mbito de las series, \u201cEl Encargado\u201d, realizada para Star+, ha sido un gran \u00e9xito de p\u00fablico y cr\u00edtica. Adem\u00e1s, en el mercado internacional, \u201cMesa de Regalos\u201d arras\u00f3 en taquilla en M\u00e9xico, convirti\u00e9ndose en la pel\u00edcula m\u00e1s vista de la d\u00e9cada en ese pa\u00eds.<\/span><\/p><p><span style=\"font-weight: 400;\">At Pampa Films we are proud of our legacy and the quality of our productions and we are fully committed to continue offering the best films and TV to our audiences and clients all over the world. We have a clear goal: To be one of the leading production companies in Ibero-America, driving the art and creativity of our region.<\/span><\/p>\t\t\t\t\t\t\t\t<\/div>\n\t\t\t\t<\/div>\n\t\t\t\t\t<\/div>\n\t\t<\/div>\n\t\t\t\t\t<\/div>\n\t\t<\/section>\n\t\t\t\t<section class=\"elementor-section elementor-top-section elementor-element elementor-element-fe543a2 elementor-hidden-desktop elementor-section-boxed elementor-section-height-default elementor-section-height-default edgtf-parallax-row-no edgtf-content-aligment-left edgtf-elementor-row-grid-no edgtf-disabled-bg-image-bellow-no\" data-id=\"fe543a2\" data-element_type=\"section\" data-e-type=\"section\">\n\t\t\t\t\t\t<div class=\"elementor-container elementor-column-gap-default\">\n\t\t\t\t\t<div class=\"elementor-column elementor-col-100 elementor-top-column elementor-element elementor-element-63f54ea\" data-id=\"63f54ea\" data-element_type=\"column\" data-e-type=\"column\">\n\t\t\t<div class=\"elementor-widget-wrap elementor-element-populated\">\n\t\t\t\t\t\t<div class=\"elementor-element elementor-element-4de1efa elementor-widget elementor-widget-text-editor\" data-id=\"4de1efa\" data-element_type=\"widget\" data-e-type=\"widget\" data-widget_type=\"text-editor.default\">\n\t\t\t\t<div class=\"elementor-widget-container\">\n\t\t\t\t\t\t\t\t\t<p><span style=\"font-weight: 400;\">Desde su fundaci\u00f3n en el a\u00f1o 2006 por los reconocidos productores cinematogr\u00e1ficos argentinos Pablo Bossi (responsable de \u00e9xitos como \u201cNueve Reinas\u201d y \u201cEl hijo de la novia\u201d) y Juan Pablo Buscarini, Pampa Films se ha dedicado a producir proyectos de alta calidad para la pantalla grande. La productora ha participado en importantes producciones cinematogr\u00e1ficas argentinas, como la aclamada pel\u00edcula \u201cUn cuento chino\u201d (2011), ganadora del Premio Goya a la Mejor Pel\u00edcula Iberoamericana, y las exitosas pel\u00edculas \u201cEl inventor de juegos\u201d (2014) y \u201cEl cuaderno de Tomy\u201d, una pel\u00edcula original de Netflix.<\/span><\/p>\n<p><span style=\"font-weight: 400;\">En 2018, la productora, liderada desde entonces por los hermanos Pol y Agust\u00edn Bossi<\/span><span style=\"background-color: rgb(255, 255, 255);\">, junto a Maxi Lasansky,<\/span><span style=\"background-color: rgb(255, 255, 255);\">&nbsp;<\/span>decidi\u00f3 expandir sus horizontes y adentrarse en el mundo de la producci\u00f3n de series de televisi\u00f3n. Para ello, se asoci\u00f3 con Disney Media Distribution para producir la serie \u201cMonz\u00f3n\u201d de la mano de Turner y Netflix, logrando una gran repercusi\u00f3n en el p\u00fablico y siendo nominada a los prestigiosos premios Platino, Gardel y Mart\u00edn Fierro como Mejor Serie, y ganando el premio Produ como Mejor Serie.<\/p>\n<p><span style=\"font-weight: 400;\">Desde entonces, Pampa Films se ha consolidado como una importante productora de cine y televisi\u00f3n en Argentina, trabajando en proyectos de alta calidad y contando con un equipo de profesionales altamente capacitados y comprometidos con la excelencia en cada producci\u00f3n. Con la mirada puesta en el futuro, la productora se encuentra actualmente expandiendo su operaci\u00f3n en Uruguay, Colombia, M\u00e9xico y Espa\u00f1a, produciendo largometrajes o series para plataformas como Netflix, Disney+, Movistar Plus, Amazon y Max, entre otros.<\/span><span style=\"font-weight: 400;\"><br><\/span><span style=\"font-weight: 400;\"><br><\/span><span style=\"font-weight: 400;\">En los \u00faltimos a\u00f1os, Pampa Films ha reafirmado su liderazgo en la industria con producciones de gran impacto. \u201cMuchachos, la pel\u00edcula de la gente<\/span><i><span style=\"font-weight: 400;\">\u201d<\/span><\/i><span style=\"font-weight: 400;\"> se convirti\u00f3 en la pel\u00edcula argentina m\u00e1s vista de 2023, consolid\u00e1ndose como un fen\u00f3meno cultural. En el \u00e1mbito de las series, \u201cEl Encargado\u201d, realizada para Star+, ha sido un gran \u00e9xito de p\u00fablico y cr\u00edtica. Adem\u00e1s, en el mercado internacional, \u201cMesa de Regalos\u201d arras\u00f3 en taquilla en M\u00e9xico, convirti\u00e9ndose en la pel\u00edcula m\u00e1s vista de la d\u00e9cada en ese pa\u00eds.<\/span><\/p>\n<p><span style=\"font-weight: 400;\">At Pampa Films we are proud of our legacy and the quality of our productions and we are fully committed to continue offering the best films and TV to our audiences and clients all over the world. We have a clear goal: To be one of the leading production companies in Ibero-America, driving the art and creativity of our region.<\/span><\/p>\t\t\t\t\t\t\t\t<\/div>\n\t\t\t\t<\/div>\n\t\t\t\t\t<\/div>\n\t\t<\/div>\n\t\t\t\t\t<\/div>\n\t\t<\/section>\n\t\t\t\t<\/div>","protected":false},"excerpt":{"rendered":"<p>La calidad de nuestros proyectos es el resultado de nuestra dedicaci\u00f3n, compromiso y pasi\u00f3n por el arte [&hellip;]<\/p>\n","protected":false},"author":1,"featured_media":0,"parent":0,"menu_order":0,"comment_status":"closed","ping_status":"closed","template":"full-width.php","meta":{"footnotes":""},"class_list":["post-4307","page","type-page","status-publish","hentry"],"_links":{"self":[{"href":"https:\/\/pampafilms.com.ar\/en\/wp-json\/wp\/v2\/pages\/4307","targetHints":{"allow":["GET"]}}],"collection":[{"href":"https:\/\/pampafilms.com.ar\/en\/wp-json\/wp\/v2\/pages"}],"about":[{"href":"https:\/\/pampafilms.com.ar\/en\/wp-json\/wp\/v2\/types\/page"}],"author":[{"embeddable":true,"href":"https:\/\/pampafilms.com.ar\/en\/wp-json\/wp\/v2\/users\/1"}],"replies":[{"embeddable":true,"href":"https:\/\/pampafilms.com.ar\/en\/wp-json\/wp\/v2\/comments?post=4307"}],"version-history":[{"count":52,"href":"https:\/\/pampafilms.com.ar\/en\/wp-json\/wp\/v2\/pages\/4307\/revisions"}],"predecessor-version":[{"id":7452,"href":"https:\/\/pampafilms.com.ar\/en\/wp-json\/wp\/v2\/pages\/4307\/revisions\/7452"}],"wp:attachment":[{"href":"https:\/\/pampafilms.com.ar\/en\/wp-json\/wp\/v2\/media?parent=4307"}],"curies":[{"name":"wp","href":"https:\/\/api.w.org\/{rel}","templated":true}]}}