{"id":7057,"date":"2023-04-25T10:28:47","date_gmt":"2023-04-25T13:28:47","guid":{"rendered":"https:\/\/pampafilms.com.ar\/2023\/?page_id=7057"},"modified":"2025-10-16T09:52:49","modified_gmt":"2025-10-16T12:52:49","slug":"nosotros-2","status":"publish","type":"page","link":"https:\/\/pampafilms.com.ar\/en\/nosotros-2\/","title":{"rendered":"ABOUT US"},"content":{"rendered":"<h4 style=\"text-align: center;\" data-pm-slice=\"1 1 []\">PAMPA FILMS nace en el 2006 con el objetivo de producir largometrajes y series de TV de diferentes g\u00e9neros.<\/h4>\n<h4 data-pm-slice=\"1 1 []\">\u00a0<\/h4>\n<h4 style=\"text-align: center;\" data-pm-slice=\"1 1 []\">Somos una productora basada en Buenos Aires (Argentina), <\/h4>\n<h4 style=\"text-align: center;\" data-pm-slice=\"1 1 []\">con operaci\u00f3n extendida en Uruguay, M\u00e9xico y Espa\u00f1a, con proyecci\u00f3n y alcance internacional.<\/h4>\n<h6 style=\"text-align: center;\" data-pm-slice=\"1 1 []\">PAMPA FILMS nace en el 2006 con el objetivo de producir largometrajes y series de TV de diferentes g\u00e9neros.<\/h6>\n<h6 data-pm-slice=\"1 1 []\">\u00a0<\/h6>\n<h6 style=\"text-align: center;\" data-pm-slice=\"1 1 []\">Somos una productora basada en Buenos Aires (Argentina), <\/h6>\n<h6 style=\"text-align: center;\" data-pm-slice=\"1 1 []\">con operaci\u00f3n extendida en Uruguay, M\u00e9xico y Espa\u00f1a, con proyecci\u00f3n y alcance internacional.<\/h6>\n<p>Contamos con una s\u00f3lida estructura que potencia el reconocido caudal creativo y la alta competitividad de la industria audiovisual argentina. Llevamos m\u00e1s de 30 pel\u00edculas y 15 series realizadas, entre ellas varios \u00e9xitos de taquilla como <strong>\u201cUn cuento chino\u201d<\/strong> y <strong>\u201cMonzon\u201d<\/strong>.<\/p>\n<p>\u00a0<\/p>\n<p><strong>Pampa Films<\/strong> es una productora de cine argentina fundada en el a\u00f1o 2006 por los reconocidos productores cinematogr\u00e1ficos argentinos Pablo Bossi y Juan Pablo Buscarini, con el objetivo de producir proyectos de alta calidad para la pantalla grande.<\/p>\n<p>Desde sus inicios, la productora ha trabajado en importantes proyectos cinematogr\u00e1ficos argentinos, como la pel\u00edcula <strong>\u201cUn cuento chino\u201d<\/strong> (2011) ganadora del Premio Goya a la Mejor Pel\u00edcula Iberoamericana, <strong>\u201cEl inventor de juegos\u201d<\/strong> (2014)\u00a0 y <strong>\u201cEl cuaderno de Tomy\u201d<\/strong>, pel\u00edcula original Netflix.<\/p>\n<h2 style=\"text-align: left;\">\u00a0<\/h2>\n<p>En 2018, y ya encabezada por los hermanos Pol y Agustin Bossi, <strong>Pampa Films<\/strong> decidi\u00f3 expandir sus horizontes y adentrarse en el mundo de la producci\u00f3n de series de televisi\u00f3n. Para ello, se asoci\u00f3 con Disney Media Distribution para producir la serie <strong>\u201cMonz\u00f3n\u201d<\/strong>, de la mano de Turner y Netflix, cosechando una gran repercusi\u00f3n en el p\u00fablico, y siendo nominada a los Premios Platino, Gardel y Martin Fierro como Mejor Serie y ganando el premio Produ como mejor Serie.\u00a0<\/p>\n<p>A partir de ese momento, <strong>Pampa Films<\/strong> se ha consolidado como una importante productora de cine y televisi\u00f3n en Argentina, trabajando en proyectos de alta calidad y contando con un equipo de profesionales altamente capacitados y comprometidos con ofrecer producciones que superen las expectativas del p\u00fablico y nuestros clientes.<\/p>\n<p>Actualmente se encuentra expandiendo su operaci\u00f3n en Uruguay, Colombia, M\u00e9xico y Espa\u00f1a, y desarrollando m\u00e1s de 15 proyectos entre series y largometrajes en Argentina, Brasil, M\u00e9xico y Espa\u00f1a para plataformas como Star+, Amazon Prime Video, Disney+ y HBO Max.<\/p>","protected":false},"excerpt":{"rendered":"<p>PAMPA FILMS nace en el 2006 con el objetivo de producir largometrajes y series de TV de [&hellip;]<\/p>\n","protected":false},"author":2,"featured_media":0,"parent":0,"menu_order":0,"comment_status":"closed","ping_status":"closed","template":"full-width.php","meta":{"footnotes":""},"class_list":["post-7057","page","type-page","status-publish","hentry"],"_links":{"self":[{"href":"https:\/\/pampafilms.com.ar\/en\/wp-json\/wp\/v2\/pages\/7057","targetHints":{"allow":["GET"]}}],"collection":[{"href":"https:\/\/pampafilms.com.ar\/en\/wp-json\/wp\/v2\/pages"}],"about":[{"href":"https:\/\/pampafilms.com.ar\/en\/wp-json\/wp\/v2\/types\/page"}],"author":[{"embeddable":true,"href":"https:\/\/pampafilms.com.ar\/en\/wp-json\/wp\/v2\/users\/2"}],"replies":[{"embeddable":true,"href":"https:\/\/pampafilms.com.ar\/en\/wp-json\/wp\/v2\/comments?post=7057"}],"version-history":[{"count":21,"href":"https:\/\/pampafilms.com.ar\/en\/wp-json\/wp\/v2\/pages\/7057\/revisions"}],"predecessor-version":[{"id":7107,"href":"https:\/\/pampafilms.com.ar\/en\/wp-json\/wp\/v2\/pages\/7057\/revisions\/7107"}],"wp:attachment":[{"href":"https:\/\/pampafilms.com.ar\/en\/wp-json\/wp\/v2\/media?parent=7057"}],"curies":[{"name":"wp","href":"https:\/\/api.w.org\/{rel}","templated":true}]}}